{"id":15704,"date":"2019-10-10T18:02:58","date_gmt":"2019-10-11T01:02:58","guid":{"rendered":"https:\/\/www.pcc.edu\/library\/?page_id=15704"},"modified":"2024-04-19T10:58:57","modified_gmt":"2024-04-19T17:58:57","slug":"tai-sao-toi-khong-dang-nhap-duoc-vao-tai-khoan","status":"publish","type":"page","link":"https:\/\/www.pcc.edu\/library\/help-in-your-language\/help-in-vietnamese\/tai-sao-toi-khong-dang-nhap-duoc-vao-tai-khoan\/","title":{"rendered":"T\u1ea1i sao T\u00f4i Kh\u00f4ng \u0110\u0103ng Nh\u1eadp \u0110\u01b0\u1ee3c v\u00e0o T\u00e0i Kho\u1ea3n? (Why Can&#8217;t I Log In?)"},"content":{"rendered":"<p>Ph\u1ea7n ghi ch\u00fa b\u00ean d\u01b0\u1edbi s\u1ebd gi\u1ea3i th\u00edch r\u00f5 nh\u1eefng y\u1ebfu t\u1ed1 tr\u1edf ng\u1ea1i b\u1ea1n c\u00f3 th\u1ec3 g\u1eb7p khi truy c\u1eadp v\u00e0o t\u00e0i kho\u1ea3n th\u01b0 vi\u1ec7n ho\u1eb7c t\u00ecm ki\u1ebfm <a href=\"https:\/\/www.pcc.edu\/library\/databases\/\">b\u00e0i vi\u1ebft v\u00e0 d\u1eef li\u1ec7u<\/a> t\u1eeb ngu\u1ed3n t\u00e0i nguy\u00ean c\u1ee7a th\u01b0 vi\u1ec7n tr\u01b0\u1eddng PCC. N\u1ebfu trang ph\u1ea3n h\u1ed3i kh\u00f4ng li\u1ec7t k\u00ea r\u00f5 r\u00e0ng nguy\u00ean nh\u00e2n b\u1ea1n kh\u00f4ng truy c\u1eadp \u0111\u01b0\u1ee3c v\u00e0o h\u1ec7 th\u1ed1ng th\u01b0 vi\u1ec7n, xin vui l\u00f2ng \u0111i\u1ec1n v\u00e0 g\u1eedi ngay m\u1eabu phi\u1ebfu <a href=\"https:\/\/www.pcc.edu\/library\/authentication-problems\/\">Library Authentication Problems Report<\/a> \u0111\u1ec3 \u0111\u01b0\u1ee3c gi\u00fap \u0111\u1ee1.<\/p>\n<p><b>Kh\u00f4ng t\u00ecm th\u1ea5y t\u00ean ng\u01b0\u1eddi d\u00f9ng\/m\u1eadt kh\u1ea9u<\/b><\/p>\n<p>M\u1ed9t s\u1ed1 l\u1ed7i th\u01b0\u1eddng g\u1eb7p khi \u0111\u0103ng nh\u1eadp v\u00e0o h\u1ec7 th\u1ed1ng m\u1ea1ng c\u1ee7a tr\u01b0\u1eddng PCC:<\/p>\n<ul>\n<li aria-level=\"1\"><b>B\u1ea1n nh\u1eadp t\u00ean ng\u01b0\u1eddi d\u00f9ng ho\u1eb7c m\u1eadt kh\u1ea9u kh\u00f4ng ch\u00ednh x\u00e1c<\/b>. Xin t\u1eaft ph\u00edm Cap Lock. N\u1ebfu b\u1ea1n x\u1eed d\u1ee5ng \u0111i\u1ec7n tho\u1ea1i th\u00f4ng minh ho\u1eb7c m\u00e1y vi t\u00ednh b\u1ea3ng, xin h\u00e3y ki\u1ec3m tra k\u1ef9 m\u00e1y c\u1ee7a b\u1ea1n ch\u1ea1y ch\u1eef th\u01b0\u1eddng hay ch\u1eef hoa, ho\u1eb7c b\u1ea1n g\u00f5 sai ch\u1eef.<\/li>\n<li aria-level=\"1\"><b>B\u1ea1n m\u1edbi \u0111\u1ed5i m\u1eadt kh\u1ea9u g\u1ea7n \u0111\u00e2y<\/b>. Thay \u0111\u00f4\u0309i ta\u0300i khoa\u0309n s\u1ebd \u0111\u01b0\u1ee3c c\u1eadp nh\u1eadt trong v\u00f2ng 20 ph\u00fat.<\/li>\n<li aria-level=\"1\"><b>B\u1ea1n ch\u01b0a \u0111\u0103ng k\u00fd l\u1edbp h\u1ecdc n\u00e0o<\/b>. N\u00ea\u0301u l\u00e0 sinh vi\u00ean m\u1edbi ghi danh, ba\u0323n se\u0303 s\u1edbm nh\u00e2\u0323n \u0111\u01b0\u01a1\u0323c quy\u1ec1n truy c\u1eadp c\u01a1 s\u1edf d\u01b0\u0303 li\u00ea\u0323u th\u01b0 vi\u00ea\u0323n v\u00e0 t\u00e0i kho\u1ea3n.<\/li>\n<li aria-level=\"1\"><b>B\u1ea1n l\u00e0 sinh vi\u00ean ho\u1eb7c nh\u00e2n vi\u00ean m\u1edbi<\/b>. N\u00ea\u0301u ba\u0323n v\u01b0\u0300a m\u01a1\u0301i \u0111\u0103ng ky\u0301 l\u01a1\u0301p ho\u0103\u0323c m\u1edbi b\u1eaft \u0111\u00e2\u0300u la\u0300m vi\u00ea\u0323c, vui lo\u0300ng ch\u01a1\u0300 va\u0300 truy c\u00e2\u0323p la\u0323i va\u0300o nga\u0300y h\u00f4m sau.<\/li>\n<li aria-level=\"1\"><b>T\u00e0i kho\u1ea3n \u0111\u0103ng k\u00fd b\u1ecb l\u1ed7i<\/b>. N\u1ebfu t\u00e0i kho\u1ea3n m\u1ea1ng kh\u00f4ng ph\u00e2n bi\u1ec7t ho\u1eb7c ch\u1ec9 \u0111\u1ecbnh \u0111\u01b0\u1ee3c b\u1ea1n thu\u1ed9c v\u1ec1 nh\u00f3m n\u00e0o: sinh vi\u00ean, nh\u00e2n vi\u1ec7n ho\u1eb7c gi\u1ea3ng vi\u00ean th\u00ec m\u1ecdi th\u00f4ng tin v\u1ec1 b\u1ea1n s\u1ebd kh\u00f4ng x\u00e1t nh\u1eadp \u0111\u01b0\u1ee3c v\u00e0o h\u1ec7 th\u1ed1ng \u0111\u0103ng nh\u1eadp c\u1ee7a tr\u01b0\u1eddng PCC. N\u1ebfu b\u1ea1n kh\u00f4ng x\u00e1c \u0111\u1ecbnh v\u00e0 chu\u1ea9n \u0111o\u00e1n \u0111\u01b0\u1ee3c nguy\u00ean nh\u00e2n b\u1ecb l\u1ed7i trong t\u00e0i kho\u1ea3n c\u1ee7a b\u1ea1n, xin vui l\u00f2ng \u0111i\u1ec1n v\u00e0 g\u1eedi m\u1eabu phi\u1ebfu <a href=\"https:\/\/www.pcc.edu\/library\/authentication-problems\/\">Library Authentication Problem Report<\/a> \u0111\u1ec3 \u0111\u01b0\u1ee3c gi\u00fap \u0111\u1ee1.<\/li>\n<\/ul>\n<p><b>T\u00e0i kho\u1ea3n h\u1ebft h\u1ea1n<\/b><\/p>\n<p>Ch\u1ec9 c\u00f3 sinh vi\u00ean v\u00e0 nh\u00e2n vi\u00ean \u0111ang h\u1ecdc ho\u1eb7c \u0111ang l\u00e0m vi\u1ec7c cho tr\u01b0\u1eddng PCC m\u1edbi c\u00f3 th\u1ec3 \u0111\u0103ng nh\u1eadp v\u00e0o h\u1ec7 th\u1ed1ng t\u00e0i li\u1ec7u th\u01b0 vi\u1ec7n ngo\u00e0i ph\u1ea1m vi c\u1ee7a tr\u01b0\u1eddng PCC.<\/p>\n<p>N\u1ebfu b\u1ea1n l\u00e0 sinh vi\u00ean kh\u00f4ng h\u1ecdc trong kho\u00e1 hi\u1ec7n t\u1ea1i, th\u00ec h\u1ec7 th\u1ed1ng c\u1ee7a th\u01b0 vi\u1ec7n tr\u01b0\u1eddng PCC s\u1ebd l\u01b0u tr\u1eef h\u1ed3 s\u01a1 v\u00e0 tin t\u1ee9c c\u1ee7a b\u1ea1n \u0111\u1ec3 thu\u1eadn l\u1ee3i trong vi\u1ec7c \u0111\u0103ng k\u00fd cho kho\u00e1 h\u1ecdc sau. Trong kho\u1ea3ng th\u1eddi gian n\u00e0y, b\u1ea1n c\u00f3 th\u1ec3 \u0111\u1ebfn v\u00e0 s\u1eed d\u1ee5ng m\u00e1y vi t\u00ednh b\u00e0ng tr\u1ef1c thu\u1ed9c m\u1ed9t trong b\u1ed1n th\u01b0 vi\u1ec7n ch\u00ednh c\u1ee7a tr\u01b0\u1eddng PCC \u0111\u1ec3 truy c\u1eadp v\u00e0o b\u00e0i vi\u1ebft ho\u1eb7c d\u1eef li\u1ec7u.<\/p>\n<p>N\u1ebfu b\u1ea1n l\u00e0 sinh vi\u00ean c\u0169 ho\u1eb7c nh\u00e2n vi\u00ean \u0111\u00e3 ngh\u1ec9 vi\u1ec7c, b\u1ea1n c\u00f3 th\u1ec3 \u0111\u0103ng k\u00fd <a href=\"https:\/\/www.pcc.edu\/library\/community-patrons\/\">th\u1ebb th\u01b0 vi\u1ec7n d\u00e0nh cho th\u00e0nh vi\u00ean c\u1ed9ng \u0111\u1ed3ng<\/a> \u0111\u1ec3 \u0111\u01b0\u1ee3c ti\u1ebfp t\u1ee5c m\u01b0\u1ee3n t\u00e0i li\u1ec7u c\u1ee7a th\u01b0 vi\u1ec7n<\/p>\n<p>N\u1ebfu t\u00e0i kho\u1ea3n c\u1ee7a b\u1ea1n v\u1eabn c\u00f2n b\u1ecb l\u1ed7i ho\u1eb7c kh\u00f4ng \u0111\u1eb7ng nh\u1eadp \u0111\u01b0\u1ee3c, xin vui l\u00f2ng \u0111i\u1ec1n v\u00e0 g\u1eedi m\u1eabu phi\u1ebfu <a href=\"https:\/\/www.pcc.edu\/library\/authentication-problems\/\">Library Authentication Problems Report<\/a> \u0111\u1ec3 \u0111\u01b0\u1ee3c gi\u00fap \u0111\u1ee1.<\/p>\n<p><b>T\u00e0i kho\u1ea3n kh\u00f4ng t\u00ecm \u0111\u01b0\u1ee3c trong h\u1ec7 th\u1ed1ng<\/b><\/p>\n<p>M\u00e3 s\u1ed1 th\u1ebb ID c\u1ee7a b\u1ea1n kh\u00f4ng tr\u00f9ng kh\u1edbp v\u1edbi m\u00e3 s\u1ed1 h\u1ed3 s\u01a1 l\u01b0u tr\u1eef trong h\u1ec7 th\u1ed1ng th\u01b0 vi\u1ec7n.<\/p>\n<p>N\u1ebfu b\u1ea1n l\u00e0 t\u00e2n sinh vi\u00ean ho\u1eb7c v\u1eeba ho\u00e0n t\u1ea5t th\u1ee7 t\u1ee5c \u0111\u0103ng k\u00fd l\u1edbp trong ng\u00e0y h\u00f4m nay, b\u1ea1n s\u1ebd nh\u1eadn \u0111\u01b0\u1ee3c quy\u1ec1n truy c\u1eadp v\u00e0o t\u00e0i nguy\u00ean c\u1ee7a th\u01b0 vi\u1ec7n v\u00e0o bu\u1ed5i s\u00e1ng c\u1ee7a ng\u00e0y k\u1ebf ti\u1ebfp. Xin vui l\u00f2ng truy c\u1eadp l\u1ea1i v\u00e0o ng\u00e0y h\u00f4m sau.<\/p>\n<p>N\u1ebfu b\u1ea1n l\u00e0 sinh vi\u00ean c\u0169 ho\u1eb7c nh\u00e2n vi\u00ean \u0111\u00e3 ngh\u1ec9 vi\u1ec7c, b\u1ea1n c\u00f3 th\u1ec3 \u0111\u0103ng k\u00fd <a href=\"https:\/\/www.pcc.edu\/library\/community-patrons\/\">th\u1ebb th\u01b0 vi\u1ec7n d\u00e0nh cho th\u00e0nh vi\u00ean c\u1ed9ng \u0111\u1ed3ng<\/a> \u0111\u1ec3 \u0111\u01b0\u1ee3c ti\u1ebfp t\u1ee5c m\u01b0\u1ee3n s\u1ea3n ph\u1ea9m c\u1ee7a th\u01b0 vi\u1ec7n.<\/p>\n<p>N\u1ebfu t\u00e0i kho\u1ea3n c\u1ee7a b\u1ea1n v\u1eabn c\u00f2n b\u1ecb l\u1ed7i ho\u1eb7c kh\u00f4ng \u0111\u0103ng nh\u1eadp \u0111\u01b0\u1ee3c, xin vui l\u00f2ng \u0111i\u1ec1n v\u00e0 g\u1eedi m\u1eabu phi\u1ebfu <a href=\"https:\/\/www.pcc.edu\/library\/authentication-problems\/\">Library Authentication Problems Report<\/a> \u0111\u1ec3 \u0111\u01b0\u1ee3c gi\u00fap \u0111\u1ee1.<\/p>\n<p><b>Kh\u00f4ng k\u1ebft n\u1ed1i \u0111\u01b0\u1ee3c v\u00e0o internet<\/b><\/p>\n<p>M\u1ea1ng l\u01b0\u1edbi internet c\u1ee7a tr\u01b0\u1eddng PCC b\u1ecb tr\u1ee5c tr\u1eb7t v\u1ec1 m\u1eb7t k\u1ef9 thu\u1eadt. Xin vui l\u00f2ng \u0111\u1eb7ng nh\u1eadp l\u1ea1i trong th\u1eddi gian g\u1ea7n nh\u1ea5t.<\/p>\n<p><b>H\u1ec7 th\u1ed1ng m\u1ea1ng b\u1ecb h\u1ecfng<\/b><\/p>\n<p>H\u1ec7 th\u1ed1ng m\u1ea1ng c\u1ee7a th\u01b0 vi\u1ec7n hi\u1ec7n \u0111ang b\u1ecb h\u1ecfng. Xin vui l\u00f2ng \u0111\u1eb7ng nh\u1eadp l\u1ea1i trong th\u1eddi gian g\u1ea7n nh\u1ea5t.<\/p>\n<p><b>M\u1ea1ng l\u01b0\u1edbi k\u1ebft n\u1ed1i b\u1ecb h\u1ecfng<\/b><\/p>\n<p>M\u1ea1ng k\u1ebft n\u1ed1i \u0111\u1ebfn h\u1ed9p d\u1ef1 tr\u1eef t\u00e0i nguy\u00ean c\u1ee7a th\u01b0 vi\u1ec7n b\u1ecb l\u1ed7i n\u1ebfu trang t\u1ea3i c\u1ee7a b\u1ea1n ng\u1eebng t\u1ea1i c\u00e1c trang m\u1ea1ng sau \u0111\u00e2y:<\/p>\n<ul>\n<li aria-level=\"1\">Trang ch\u00ednh c\u1ee7a tr\u01b0\u1eddng PCC<\/li>\n<li aria-level=\"1\">T\u00ecm kh\u00f4ng th\u1ea5y trang m\u1ea1ng c\u1ee7a tr\u01b0\u1eddng PCC<\/li>\n<li aria-level=\"1\">M\u00e0ng h\u00ecnh tr\u1eafng v\u1edbi d\u00f2ng tin nh\u1eafn \u201cch\u1ea5p nh\u1eadn {URL} s\u1eed d\u1ee5ng l\u00e0m m\u1ed9t \u0111i\u1ec3m b\u1eaft \u0111\u1ea7u URL, \u201d<\/li>\n<li aria-level=\"1\">M\u1ed9t trang \u0111\u0103ng nh\u1eadp l\u1ea1 kh\u00f4ng gi\u1ed1ng trang \u0111\u0103ng nh\u1eadp c\u1ee7a tr\u01b0\u1eddng PCC.<\/li>\n<\/ul>\n<p><a href=\"https:\/\/www.pcc.edu\/library\/databases\/\">C\u00e1c b\u00e0i b\u00e1o v\u00e0 c\u01a1 s\u1edf d\u1eef li\u1ec7u<\/a> ch\u1ee9a c\u00e1c h\u01b0\u1edbng d\u1eabn \u0111\u1ec3 t\u1ea1o li\u00ean k\u1ebft \u0111\u1ebfn c\u00e1c t\u00e0i nguy\u00ean th\u01b0 vi\u1ec7n s\u1ebd ho\u1ea1t \u0111\u1ed9ng trong v\u00e0 ngo\u00e0i khu\u00f4n vi\u00ean tr\u01b0\u1eddng.<\/p>\n","protected":false},"excerpt":{"rendered":"<p>Access information about how to use PCC library in Vietnamese.<\/p>\n","protected":false},"author":79,"featured_media":18424,"parent":15765,"menu_order":0,"comment_status":"closed","ping_status":"closed","template":"","meta":{"_acf_changed":false,"footnotes":""},"class_list":["post-15704","page","type-page","status-publish","has-post-thumbnail","hentry","translations-vietnamese"],"acf":[],"_links":{"self":[{"href":"https:\/\/www.pcc.edu\/library\/wp-json\/wp\/v2\/pages\/15704","targetHints":{"allow":["GET"]}}],"collection":[{"href":"https:\/\/www.pcc.edu\/library\/wp-json\/wp\/v2\/pages"}],"about":[{"href":"https:\/\/www.pcc.edu\/library\/wp-json\/wp\/v2\/types\/page"}],"author":[{"embeddable":true,"href":"https:\/\/www.pcc.edu\/library\/wp-json\/wp\/v2\/users\/79"}],"replies":[{"embeddable":true,"href":"https:\/\/www.pcc.edu\/library\/wp-json\/wp\/v2\/comments?post=15704"}],"version-history":[{"count":10,"href":"https:\/\/www.pcc.edu\/library\/wp-json\/wp\/v2\/pages\/15704\/revisions"}],"predecessor-version":[{"id":34116,"href":"https:\/\/www.pcc.edu\/library\/wp-json\/wp\/v2\/pages\/15704\/revisions\/34116"}],"up":[{"embeddable":true,"href":"https:\/\/www.pcc.edu\/library\/wp-json\/wp\/v2\/pages\/15765"}],"wp:featuredmedia":[{"embeddable":true,"href":"https:\/\/www.pcc.edu\/library\/wp-json\/wp\/v2\/media\/18424"}],"wp:attachment":[{"href":"https:\/\/www.pcc.edu\/library\/wp-json\/wp\/v2\/media?parent=15704"}],"curies":[{"name":"wp","href":"https:\/\/api.w.org\/{rel}","templated":true}]}}