{"id":15693,"date":"2019-10-07T18:02:13","date_gmt":"2019-10-08T01:02:13","guid":{"rendered":"https:\/\/www.pcc.edu\/library\/?page_id=15693"},"modified":"2024-04-19T11:16:25","modified_gmt":"2024-04-19T18:16:25","slug":"quy-dinh-ve-thoi-gian-muon-va-phat","status":"publish","type":"page","link":"https:\/\/www.pcc.edu\/library\/help-in-your-language\/help-in-vietnamese\/quy-dinh-ve-thoi-gian-muon-va-phat\/","title":{"rendered":"Quy \u0110\u1ecbnh v\u1ec1 Th\u1eddi Gian M\u01b0\u1ee3n v\u00e0 Ph\u1ea1t (Loan Periods and Fines)"},"content":{"rendered":"<p>Th\u1eddi gian m\u01b0\u1ee3n v\u00e0 ph\u1ea1t t\u00f9y theo t\u1eebng m\u1eb7t h\u00e0ng. Xem ch\u01b0\u01a1ng m\u1ee5c <a href=\"https:\/\/www.pcc.edu\/library\/help-in-your-language\/help-in-vietnamese\/quy-dinh-ve-tien-phat-cua-thu-vien\/\">Quy \u0110\u1ecbnh v\u1ec1 Ti\u1ec1n Ph\u1ea1t c\u1ee7a Th\u01b0 Vi\u1ec7n<\/a>, <a href=\"https:\/\/www.pcc.edu\/library\/help-in-your-language\/help-in-vietnamese\/dong-gop-hien-vat-de-giam-tien-phat\/\">\u0110\u00f3ng g\u00f3p v\u1eadt li\u1ec7u \u0111\u1ec3 gi\u1ea3m ti\u1ec1n ph\u1ea1t<\/a>, ho\u1eb7c <a href=\"https:\/\/www.pcc.edu\/library\/library-account-questions\/\">Khi\u1ebfu n\u1ea1i v\u1ec1 ti\u1ec1n ph\u1ea1t<\/a>.<\/p>\n<table>\n<thead>\n<tr>\n<th><b>T\u00e0i li\u1ec7u<\/b><\/th>\n<th><b>S\u1ed1 ng\u00e0y m\u01b0\u1ee3n<\/b><\/th>\n<th><b>S\u1ed1 l\u01b0\u1ee3ng<\/b><\/th>\n<th><b>\u0110\u01b0\u1ee3c gia h\u1ea1n v\u00e0 kh\u00f4ng \u0111\u01b0\u1ee3c gia h\u1ea1n<\/b><\/th>\n<th><b>Ti\u1ec1n ph\u1ea1t khi m\u01b0\u1ee3n qu\u00e1 th\u1eddi h\u1ea1n quy \u0111\u1ecbnh<\/b><\/th>\n<\/tr>\n<\/thead>\n<tbody>\n<tr>\n<td>Tr\u00f2 ch\u01a1i tr\u00ean b\u00e0n c\u1edd<\/td>\n<td>6 tu\u1ea7n<\/td>\n<td>Kh\u00f4ng c\u00f3<\/td>\n<td>1 gia h\u1ea1n<\/td>\n<td>Kh\u00f4ng c\u00f3<\/td>\n<\/tr>\n<tr>\n<td>S\u00e1ch in S\u00e1ch nghe T\u1ea1p ch\u00ed \u0110\u0129a nh\u1ea1c \u0110\u0129a phim \u0110\u0129a phim th\u1eddi s\u1ef1<\/td>\n<td>6 tu\u1ea7n<\/td>\n<td>50<\/td>\n<td>\u0110\u01b0\u1ee3c gia h\u1ea1n l\u00ean \u0111\u1ebfn 12 tu\u1ea7n<\/td>\n<td>Kh\u00f4ng<\/td>\n<\/tr>\n<tr>\n<td>M\u00e1y t\u00ednh (\u0111\u01a1n gi\u1ea3n)<\/td>\n<td>3 tu\u1ea7n<\/td>\n<td>1 m\u00f3n<\/td>\n<td>Kh\u00f4ng \u0111\u01b0\u1ee3c<\/td>\n<td>$0.25 m\u1ed9t ng\u00e0y<\/td>\n<\/tr>\n<tr>\n<td>M\u00e1y t\u00ednh (\u0111\u1ed3 th\u1ecb)<\/td>\n<td>3 tu\u1ea7n<\/td>\n<td>1 m\u00f3n<\/td>\n<td>Kh\u00f4ng \u0111\u01b0\u1ee3c<\/td>\n<td>$2 m\u1ed9t ng\u00e0y<\/td>\n<\/tr>\n<tr>\n<td>Ph\u1ee5 ki\u1ec7n m\u00e1y \u1ea3nh$2 m\u1ed7i ng\u00e0y<\/td>\n<td>3 tu\u1ea7n<\/td>\n<td>Kh\u00f4ng c\u00f3<\/td>\n<td>Kh\u00f4ng gia h\u1ea1n<\/td>\n<td>$2 m\u1ed7i ng\u00e0y<\/td>\n<\/tr>\n<tr>\n<td>M\u00e1y t\u00ednh x\u00e1ch tay hp chromebook<\/td>\n<td>m\u01b0\u1ee3n \u0111\u1ebfn cu\u1ed1i kh\u00f3a h\u1ecdc<\/td>\n<td>1 m\u00f3n<\/td>\n<td>Kh\u00f4ng \u0111\u01b0\u1ee3c<\/td>\n<td>$10 m\u1ed9t ng\u00e0y<\/td>\n<\/tr>\n<tr>\n<td>M\u00e1y ch\u1ee5p \u1ea3nh \u0111i\u1ec7n t\u1eed<\/td>\n<td>1 tu\u1ea7n<\/td>\n<td>1 m\u00f3n<\/td>\n<td>Kh\u00f4ng \u0111\u01b0\u1ee3c<\/td>\n<td>$10 m\u1ed9t ng\u00e0y<\/td>\n<\/tr>\n<tr>\n<td>M\u00e1y quay phim \u0111i\u1ec7n t\u1eed<\/td>\n<td>3 tu\u1ea7n<\/td>\n<td>1 m\u00f3n<\/td>\n<td>Kh\u00f4ng \u0111\u01b0\u1ee3c<\/td>\n<td>$10 m\u1ed9t ng\u00e0y<\/td>\n<\/tr>\n<tr>\n<td>M\u00e1y thu \u00e2m \u0111i\u1ec7n t\u1eed<\/td>\n<td>3 tu\u1ea7n<\/td>\n<td>1 m\u00f3n<\/td>\n<td>Kh\u00f4ng \u0111\u01b0\u1ee3c<\/td>\n<td>$10 m\u1ed9t ng\u00e0y<\/td>\n<\/tr>\n<tr>\n<td>\u1ed4 \u0111\u0129a ngo\u00e0i<\/td>\n<td>3 tu\u1ea7n<\/td>\n<td>1 m\u1ee5c<\/td>\n<td>Kh\u00f4ng gia h\u1ea1n<\/td>\n<td>$2 m\u1ed7i ng\u00e0y<\/td>\n<\/tr>\n<tr>\n<td>D\u00e2y \u0111eo tay \u0111\u1ec3 nghe<\/td>\n<td>1 tu\u1ea7n<\/td>\n<td>1 m\u00f3n<\/td>\n<td>Kh\u00f4ng \u0111\u01b0\u1ee3c<\/td>\n<td>$0.25 m\u1ed9t ng\u00e0y<\/td>\n<\/tr>\n<tr>\n<td>M\u00e1y vi t\u00ednh x\u00e1ch tay<\/td>\n<td>3 tu\u1ea7n<\/td>\n<td>1 m\u00f3n<\/td>\n<td>Kh\u00f4ng \u0111\u01b0\u1ee3c<\/td>\n<td>$10 m\u1ed9t ng\u00e0y<\/td>\n<\/tr>\n<tr>\n<td>C\u00e1p s\u1ea1c \u0111i\u1ec7n tho\u1ea1i<\/td>\n<td>4 gi\u1edd<\/td>\n<td>Kh\u00f4ng gi\u1edbi h\u1ea1n<\/td>\n<td>Kh\u00f4ng \u0111\u01b0\u1ee3c<\/td>\n<td>$0.25 m\u1ed9t gi\u1edd<\/td>\n<\/tr>\n<tr>\n<td>B\u00e1o ch\u00ed<\/td>\n<td>Kh\u00f4ng cho m\u01b0\u1ee3n, ch\u1ec9 \u0111\u01b0\u1ee3c s\u1eed d\u1ee5ng ho\u1eb7c \u0111\u1ecdc trong th\u01b0 vi\u1ec7n<\/td>\n<td>n\/a<\/td>\n<td>n\/a<\/td>\n<td>kh\u00f4ng<\/td>\n<\/tr>\n<tr>\n<td>S\u00e1ch Gi\u00e1o Khoa<\/td>\n<td>T\u00f9y theo lo\u1ea1i<\/td>\n<td>kh\u00f4ng<\/td>\n<td>Kh\u00f4ng \u0111\u01b0\u1ee3c<\/td>\n<td>$0.25 m\u1ed9t gi\u1edd<\/td>\n<\/tr>\n<tr>\n<td>Webcam<\/td>\n<td>3 tu\u1ea7n<\/td>\n<td>1 m\u1ee5c<\/td>\n<td>Kh\u00f4ng gia h\u1ea1n<\/td>\n<td>$2 m\u1ed7i ng\u00e0y<\/td>\n<\/tr>\n<tr>\n<td>\u0110i\u1ec3m ph\u00e1t s\u00f3ng Wi-Fi<\/td>\n<td>1 h\u1ecdc k\u1ef3<\/td>\n<td>1 m\u1ee5c<\/td>\n<td>Kh\u00f4ng gia h\u1ea1n<\/td>\n<td>$10 m\u1ed7i ng\u00e0y<\/td>\n<\/tr>\n<tr>\n<td>S\u1ea3n ph\u1ea9m c\u1ee7a Summit<\/td>\n<td>12 tu\u1ea7n<\/td>\n<td>50 m\u00f3n<\/td>\n<td>1 gia h\u1ea1n<\/td>\n<td>T\u00e0i li\u1ec7u b\u1ecb m\u1ea5t ho\u1eb7c h\u01b0 h\u1ecfng: $90 ph\u00ed thay th\u1ebf.<\/td>\n<\/tr>\n<tr>\n<td>S\u1ea3n ph\u1ea9m c\u1ee7a Interlibrary Loan<\/td>\n<td>16 tu\u1ea7n<\/td>\n<td>50 m\u00f3n<\/td>\n<td>Kh\u00f4ng gia h\u1ea1n<\/td>\n<td>V\u1eadt li\u1ec7u b\u1ecb m\u1ea5t ho\u1eb7c h\u01b0 h\u1ecfng: $90 ph\u00ed thay th\u1ebf<\/td>\n<\/tr>\n<\/tbody>\n<\/table>\n","protected":false},"excerpt":{"rendered":"<p>Access information about how to use PCC library in Vietnamese.<\/p>\n","protected":false},"author":79,"featured_media":14752,"parent":15765,"menu_order":0,"comment_status":"closed","ping_status":"closed","template":"","meta":{"_acf_changed":false,"footnotes":""},"class_list":["post-15693","page","type-page","status-publish","has-post-thumbnail","hentry","translations-vietnamese"],"acf":[],"_links":{"self":[{"href":"https:\/\/www.pcc.edu\/library\/wp-json\/wp\/v2\/pages\/15693","targetHints":{"allow":["GET"]}}],"collection":[{"href":"https:\/\/www.pcc.edu\/library\/wp-json\/wp\/v2\/pages"}],"about":[{"href":"https:\/\/www.pcc.edu\/library\/wp-json\/wp\/v2\/types\/page"}],"author":[{"embeddable":true,"href":"https:\/\/www.pcc.edu\/library\/wp-json\/wp\/v2\/users\/79"}],"replies":[{"embeddable":true,"href":"https:\/\/www.pcc.edu\/library\/wp-json\/wp\/v2\/comments?post=15693"}],"version-history":[{"count":11,"href":"https:\/\/www.pcc.edu\/library\/wp-json\/wp\/v2\/pages\/15693\/revisions"}],"predecessor-version":[{"id":34123,"href":"https:\/\/www.pcc.edu\/library\/wp-json\/wp\/v2\/pages\/15693\/revisions\/34123"}],"up":[{"embeddable":true,"href":"https:\/\/www.pcc.edu\/library\/wp-json\/wp\/v2\/pages\/15765"}],"wp:featuredmedia":[{"embeddable":true,"href":"https:\/\/www.pcc.edu\/library\/wp-json\/wp\/v2\/media\/14752"}],"wp:attachment":[{"href":"https:\/\/www.pcc.edu\/library\/wp-json\/wp\/v2\/media?parent=15693"}],"curies":[{"name":"wp","href":"https:\/\/api.w.org\/{rel}","templated":true}]}}