{"id":15688,"date":"2019-10-10T17:29:46","date_gmt":"2019-10-11T00:29:46","guid":{"rendered":"https:\/\/www.pcc.edu\/library\/?page_id=15688"},"modified":"2024-04-19T15:00:27","modified_gmt":"2024-04-19T22:00:27","slug":"quy-dinh-ve-muon","status":"publish","type":"page","link":"https:\/\/www.pcc.edu\/library\/help-in-your-language\/help-in-vietnamese\/quy-dinh-ve-muon\/","title":{"rendered":"Quy \u0110\u1ecbnh v\u1ec1 M\u01b0\u1ee3n (Borrowing)"},"content":{"rendered":"<p>Gi\u1ea3ng vi\u00ean tr\u01b0\u1eddng \u0111\u1ea1i h\u1ecdc c\u1ed9ng \u0111\u1ed3ng th\u00e0nh ph\u1ed1 Portland c\u00f9ng to\u00e0n th\u1ec3 nh\u00e2n vi\u00ean, sinh vi\u00ean \u0111ang h\u1ecdc, <a href=\"https:\/\/www.pcc.edu\/library\/community-patrons\/\">gi\u1ea3ng vi\u00ean h\u01b0u tr\u00ed, nh\u00e2n vi\u00ean h\u01b0u tr\u00ed, th\u00e0nh vi\u00ean c\u1ed9ng \u0111\u1ed9ng<\/a> v\u00e0 th\u00e0nh vi\u00ean c\u1ee7a <a href=\"https:\/\/www.orbiscascade.org\/member\/\">Orbis Cascade Alliance<\/a> c\u00f3 th\u1ec3 m\u01b0\u1ee3n h\u1ea7u h\u1ebft t\u1ea5t c\u1ea3 s\u00e1ch, b\u00e1o, t\u00e0i li\u1ec7u \u0111i\u1ec7n t\u1eed thu\u1ed9c quy\u1ec1n s\u1edf h\u1eefu c\u1ee7a tr\u01b0\u1eddng \u0111\u1ea1i h\u1ecdc c\u1ed9ng \u0111\u1ed3ng th\u00e0nh ph\u1ed1 Portland. V\u00e0 c\u00f2n r\u1ea5t nhi\u1ec1u s\u00e1ch in, s\u00e1ch \u0111i\u1ec7n t\u1eed, th\u00f4ng tin \u0111i\u1ec7n t\u1eed v\u00e0 nh\u1eefng d\u1ef1 li\u1ec7u kh\u00e1c b\u1ea1n c\u00f3 th\u1ec3 m\u01b0\u1ee3n t\u1eeb c\u1ee5m li\u00ean k\u1ebft th\u01b0 vi\u1ec7n Orbis Cascade Alliance th\u00f4ng qua ngu\u1ed3n d\u1eef li\u1ec7u c\u1ee7a <a href=\"https:\/\/www.pcc.edu\/library\/summit\/\">Summit<\/a>, ho\u1eb7c kh\u1ed1i li\u00ean k\u1ebft th\u01b0 vi\u1ec7n to\u00e0n c\u1ea7u th\u00f4ng qua ngu\u1ed3n d\u1eef li\u1ec7u c\u1ee7a <a href=\"https:\/\/www.pcc.edu\/library\/interlibrary-loan\/\">Interlibrary Loan<\/a>. H\u00e3y theo d\u00f5i b\u1ea3ng s\u01a1 \u0111\u1ed3 b\u00ean d\u01b0\u1edbi \u0111\u1ec3 bi\u1ebft th\u00eam chi ti\u1ebft v\u1ec1 th\u1ee7 t\u1ee5c m\u01b0\u1ee3n s\u1ea3n ph\u1ea9m c\u1ee7a th\u01b0 vi\u1ec7n.<\/p>\n<ul>\n<li aria-level=\"1\">Th\u1eddi gian cho ph\u00e9p m\u01b0\u1ee3n t\u00f9y theo s\u1ea3n ph\u1ea9m. H\u00e3y xem <a href=\"https:\/\/www.pcc.edu\/library\/help-in-your-language\/help-in-vietnamese\/quy-dinh-ve-thoi-gian-muon-va-phat\/\">Quy \u0110\u1ecbnh v\u1ec1 Th\u1eddi gian M\u01b0\u1ee3n v\u00e0 P\u1e25\u1ea1t<\/a>.<\/li>\n<li aria-level=\"1\">Th\u1ebb c\u0103n c\u01b0\u1edbc c\u00f4ng d\u00e2n c\u1ea7n thi\u1ebft cho th\u1ee7 t\u1ee5c m\u01b0\u1ee3n. C\u00e1c h\u00ecnh th\u1ee9c th\u1ebb ID h\u1ee3p l\u1ec7 bao g\u1ed3m:\n<ul>\n<li aria-level=\"2\">Th\u1ebb sinh vi\u00ean ID card tr\u01b0\u1eddng PCC<\/li>\n<li aria-level=\"2\">H\u1ed9 chi\u1ebfu<\/li>\n<li aria-level=\"2\">B\u1eb1ng l\u00e1i xe \u0111\u01b0\u1ee3c c\u1ea5p b\u1edfi DMV<\/li>\n<li aria-level=\"2\">Th\u1ebb c\u0103n c\u01b0\u1edbc qu\u00e2n \u0111\u1ed9i<\/li>\n<li aria-level=\"2\">Th\u1ebb c\u0103n c\u01b0\u1edbc c\u00f4ng d\u00e2n \u0111\u01b0\u1ee3c c\u1ea5p b\u1edfi c\u01a1 quan nh\u00e0 n\u01b0\u1edbc, ch\u00ednh ph\u1ee7 Hoa K\u1ef3 ho\u1eb7c n\u01b0\u1edbc kh\u00e1c<\/li>\n<li aria-level=\"2\">Th\u1ebb h\u1ecdc sinh trung h\u1ecdc v\u1eabn c\u00f2n gi\u00e1 tr\u1ecb hi\u1ec7u l\u1ef1c trong s\u00e1u th\u00e1ng c\u1ee7a n\u0103m h\u1ecdc<\/li>\n<\/ul>\n<\/li>\n<li aria-level=\"1\">Sinh vi\u00ean tr\u01b0\u1eddng \u0111\u1ea1i h\u1ecdc c\u1ed9ng \u0111\u1ed3ng th\u00e0nh ph\u1ed1 Portland, gi\u1ea3ng vi\u00ean, nh\u00e2n vi\u00ean c\u1ea7n cung c\u1ea5p th\u1ebb ID c\u1ee7a tr\u01b0\u1eddng PCC ho\u1eb7c cung c\u1ea5p th\u1ebb ID c\u00f3 \u1ea3nh ch\u01b0a h\u1ebft h\u1ea1n c\u1ee7a ch\u00ednh ph\u1ee7 c\u00f9ng v\u1edbi m\u00e3 s\u1ed1 G do tr\u01b0\u1eddng PCC c\u1ea5p.<\/li>\n<li aria-level=\"1\">Th\u00e0nh vi\u00ean c\u1ed9ng \u0111\u1ed9ng, gi\u1ea3ng vi\u00ean h\u01b0u tr\u00ed v\u00e0 nh\u00e2n vi\u00ean h\u01b0u tr\u00ed c\u1ea7n cung c\u1ea5p b\u1ea5t k\u1ef3 ID c\u00f3 \u1ea3nh ch\u01b0a h\u1ebft h\u1ea1n do ch\u00ednh ph\u1ee7 c\u1ea5p v\u00e0 \u0111\u1ecba ch\u1ec9 th\u01b0\u1eddng tr\u00fa hi\u1ec7n t\u1ea1i c\u00f9ng t\u00ean email \u0111\u1ec3 \u0111\u01b0\u1ee3c c\u1ea5p th\u1ebb ID th\u01b0 vi\u1ec7n d\u00e0nh cho c\u1ed9ng \u0111\u1ed3ng.<\/li>\n<li aria-level=\"1\">Th\u00e0nh vi\u00ean vi\u1ebfng th\u0103m thu\u1ed9c nh\u00f3m Summit c\u1ea7n cung c\u1ea5p m\u1ed9t th\u1ebb ID \u1ea3nh c\u1ee5 th\u1ec3 do tr\u01b0\u1eddng h\u1ecdc ho\u1eb7c m\u1ed9t t\u1ed5 ch\u1ee9c c\u1ea5p.<\/li>\n<li aria-level=\"1\">Ti\u1ec1n ph\u1ea1t s\u1ebd \u0111\u01b0\u1ee3c t\u00ednh tr\u00ean m\u1ed9t s\u1ed1 m\u1eb7t h\u00e0ng n\u1ebfu tr\u1ea3 tr\u1ec5 th\u1eddi h\u1ea1n quy \u0111\u1ecbnh. Tr\u01b0\u1eddng h\u1ee3p l\u00e0m h\u01b0 h\u1ea1i ho\u1eb7c m\u1ea5t s\u00e1ch, ng\u01b0\u1eddi s\u1eed d\u1ee5ng s\u1ebd ph\u1ea3i b\u1ed3i th\u01b0\u1eddng \u0111\u00fang s\u1ed1 ti\u1ec1n quy \u0111\u1ecbnh trong h\u1ec7 th\u1ed1ng c\u1ee7a th\u01b0 vi\u1ec7n. Xem <a href=\"https:\/\/www.pcc.edu\/library\/help-in-your-language\/help-in-vietnamese\/quy-dinh-ve-tien-phat-cua-thu-vien\/\">Quy \u0110\u1ecbnh v\u1ec1 Ti\u1ec1n Ph\u1ea1t c\u1ee7a Th\u01b0 Vi\u1ec7n<\/a>.<br \/>\n\u0110\u1eb7t c\u00e2u h\u1ecfi? <a href=\"https:\/\/www.pcc.edu\/library\/contact\/\">Li\u00ean l\u1ea1c v\u1edbi ch\u00fang t\u00f4i<\/a>.<\/li>\n<\/ul>\n<table style=\"width: 100%; height: 1048px;\">\n<tbody>\n<tr style=\"height: 296px;\">\n<td style=\"height: 296px;\"><b>M\u1ee5c th\u01b0 vi\u1ec7n<\/b><\/td>\n<td style=\"height: 296px;\"><b>Sinh Vi\u00ean Tr\u01b0\u1eddng PCC H\u1ec7 c\u00f3 Ch\u1ee9ng Ch\u1ec9v\u00e0 Sinh vi\u00ean H\u1ecdc thu\u1eadt Kh\u00f4ng T\u00edn d\u1ee5ng *\u00a0<\/b><\/td>\n<td style=\"height: 296px;\"><b>Sinh Vi\u00ean Tr\u01b0\u1eddng PCC H\u1ec7 kh\u00f4ng Ch\u1ee9ng Ch\u1ec9 V\u00e0 H\u1ec7 c\u00f3 Ch\u1ee9ng Ch\u1ec9 hi\u1ec7n \u0111ang h\u1ecdc hai tr\u01b0\u1eddng\u00a0<\/b><\/td>\n<td style=\"height: 296px;\"><b>Gi\u1ea3ng vi\u00ean v\u00e0 nh\u00e2n vi\u00ean Tr\u01b0\u1eddng PCC\u00a0<\/b><\/td>\n<td style=\"height: 296px;\"><b>Th\u00e0nh vi\u00ean C\u1ed9ng \u0110\u1ed9ng, Th\u00e0nh vi\u00ean Th\u00e0nh vi\u00ean nh\u00f3m H\u1ed9 Chi\u1ebfu th\u01b0 vi\u1ec7n (Passport)<\/b><\/td>\n<td style=\"height: 296px;\"><b>Gi\u1ea3ng vi\u00ean H\u01b0u Tr\u00ed v\u00e0 nh\u00e2n vi\u00ean H\u01b0u Tr\u00ed Tr\u01b0\u1eddng PCC\u00a0<\/b><\/td>\n<td style=\"height: 296px;\"><b>Th\u00e0nh Vi\u00ean vi\u1ebfng th\u0103m thu\u1ed9c nh\u00f3m Summit\u00a0<\/b><\/td>\n<\/tr>\n<tr style=\"height: 80px;\">\n<td style=\"height: 80px;\"><a href=\"https:\/\/www.pcc.edu\/library\/news\/board-games-for-checkout\/\">Tr\u00f2 ch\u01a1i c\u1edd b\u00e0n<\/a><\/td>\n<td style=\"height: 80px;\"><img loading=\"lazy\" decoding=\"async\" class=\"alignnone wp-image-812\" src=\"https:\/\/www.pcc.edu\/library\/wp-content\/uploads\/GreenCheck.png\" alt=\"Green Check Mark\" width=\"29\" height=\"29\" \/><\/td>\n<td style=\"height: 80px;\"><img loading=\"lazy\" decoding=\"async\" class=\"alignnone wp-image-812\" src=\"https:\/\/www.pcc.edu\/library\/wp-content\/uploads\/GreenCheck.png\" alt=\"Green Check Mark\" width=\"29\" height=\"29\" \/><\/td>\n<td style=\"height: 80px;\"><img loading=\"lazy\" decoding=\"async\" class=\"alignnone wp-image-812\" src=\"https:\/\/www.pcc.edu\/library\/wp-content\/uploads\/GreenCheck.png\" alt=\"Green Check Mark\" width=\"29\" height=\"29\" \/><\/td>\n<td style=\"height: 80px;\"><img loading=\"lazy\" decoding=\"async\" class=\"alignnone wp-image-812\" src=\"https:\/\/www.pcc.edu\/library\/wp-content\/uploads\/GreenCheck.png\" alt=\"Green Check Mark\" width=\"29\" height=\"29\" \/><\/td>\n<td style=\"height: 80px;\"><img loading=\"lazy\" decoding=\"async\" class=\"alignnone wp-image-812\" src=\"https:\/\/www.pcc.edu\/library\/wp-content\/uploads\/GreenCheck.png\" alt=\"Green Check Mark\" width=\"29\" height=\"29\" \/><\/td>\n<td style=\"height: 80px;\"><img loading=\"lazy\" decoding=\"async\" class=\"alignnone wp-image-812\" src=\"https:\/\/www.pcc.edu\/library\/wp-content\/uploads\/GreenCheck.png\" alt=\"Green Check Mark\" width=\"29\" height=\"29\" \/><\/td>\n<\/tr>\n<tr style=\"height: 152px;\">\n<td style=\"height: 152px;\">S\u00e1ch in, \u0111\u0129a nh\u1ea1c, \u0111\u0129a phim, \u0111\u0129a phim th\u1eddi s\u1ef1<\/td>\n<td style=\"height: 152px;\"><img loading=\"lazy\" decoding=\"async\" class=\"alignnone wp-image-812\" src=\"https:\/\/www.pcc.edu\/library\/wp-content\/uploads\/GreenCheck.png\" alt=\"Green Check Mark\" width=\"29\" height=\"29\" \/><\/td>\n<td style=\"height: 152px;\"><img loading=\"lazy\" decoding=\"async\" class=\"alignnone wp-image-812\" src=\"https:\/\/www.pcc.edu\/library\/wp-content\/uploads\/GreenCheck.png\" alt=\"Green Check Mark\" width=\"29\" height=\"29\" \/><\/td>\n<td style=\"height: 152px;\"><img loading=\"lazy\" decoding=\"async\" class=\"alignnone wp-image-812\" src=\"https:\/\/www.pcc.edu\/library\/wp-content\/uploads\/GreenCheck.png\" alt=\"Green Check Mark\" width=\"29\" height=\"29\" \/><\/td>\n<td style=\"height: 152px;\"><img loading=\"lazy\" decoding=\"async\" class=\"alignnone wp-image-812\" src=\"https:\/\/www.pcc.edu\/library\/wp-content\/uploads\/GreenCheck.png\" alt=\"Green Check Mark\" width=\"29\" height=\"29\" \/><\/td>\n<td style=\"height: 152px;\"><img loading=\"lazy\" decoding=\"async\" class=\"alignnone wp-image-812\" src=\"https:\/\/www.pcc.edu\/library\/wp-content\/uploads\/GreenCheck.png\" alt=\"Green Check Mark\" width=\"29\" height=\"29\" \/><\/td>\n<td style=\"height: 152px;\"><img loading=\"lazy\" decoding=\"async\" class=\"alignnone wp-image-812\" src=\"https:\/\/www.pcc.edu\/library\/wp-content\/uploads\/GreenCheck.png\" alt=\"Green Check Mark\" width=\"29\" height=\"29\" \/><\/td>\n<\/tr>\n<tr style=\"height: 80px;\">\n<td style=\"height: 80px;\"><a href=\"https:\/\/www.pcc.edu\/library\/course-reserves-for-students\/\">S\u00e1ch Gi\u00e1o Khoa d\u1ef1 tr\u1eef<\/a><\/td>\n<td style=\"height: 80px;\"><img loading=\"lazy\" decoding=\"async\" class=\"alignnone wp-image-812\" src=\"https:\/\/www.pcc.edu\/library\/wp-content\/uploads\/GreenCheck.png\" alt=\"Green Check Mark\" width=\"29\" height=\"29\" \/><\/td>\n<td style=\"height: 80px;\"><img loading=\"lazy\" decoding=\"async\" class=\"alignnone wp-image-812\" src=\"https:\/\/www.pcc.edu\/library\/wp-content\/uploads\/GreenCheck.png\" alt=\"Green Check Mark\" width=\"29\" height=\"29\" \/><\/td>\n<td style=\"height: 80px;\"><img loading=\"lazy\" decoding=\"async\" class=\"alignnone wp-image-812\" src=\"https:\/\/www.pcc.edu\/library\/wp-content\/uploads\/GreenCheck.png\" alt=\"Green Check Mark\" width=\"29\" height=\"29\" \/><\/td>\n<td style=\"height: 80px;\"><\/td>\n<td style=\"height: 80px;\"><\/td>\n<td style=\"height: 80px;\"><\/td>\n<\/tr>\n<tr style=\"height: 80px;\">\n<td style=\"height: 80px;\"><a href=\"https:\/\/www.pcc.edu\/library\/equipment-for-checkout\/\">Thi\u1ebft b\u1ecb \u0111i\u1ec7n t\u1eed di \u0111\u1ed9ng<\/a><\/td>\n<td style=\"height: 80px;\"><img loading=\"lazy\" decoding=\"async\" class=\"alignnone wp-image-812\" src=\"https:\/\/www.pcc.edu\/library\/wp-content\/uploads\/GreenCheck.png\" alt=\"Green Check Mark\" width=\"29\" height=\"29\" \/><\/td>\n<td style=\"height: 80px;\"><\/td>\n<td style=\"height: 80px;\"><\/td>\n<td style=\"height: 80px;\"><\/td>\n<td style=\"height: 80px;\"><\/td>\n<td style=\"height: 80px;\"><\/td>\n<\/tr>\n<tr style=\"height: 152px;\">\n<td style=\"height: 152px;\"><a href=\"https:\/\/www.pcc.edu\/disability\/students\/accommodations\/adaptive-equipment\/\">Thi\u1ebft b\u1ecb \u0111i\u1ec7n t\u1eed di \u0111\u1ed9ng h\u1ed7 tr\u1ee3 ng\u01b0\u1eddi khuy\u1ebft t\u1eadt<\/a><\/td>\n<td style=\"height: 152px;\"><img loading=\"lazy\" decoding=\"async\" class=\"alignnone wp-image-812\" src=\"https:\/\/www.pcc.edu\/library\/wp-content\/uploads\/GreenCheck.png\" alt=\"Green Check Mark\" width=\"29\" height=\"29\" \/><\/td>\n<td style=\"height: 152px;\"><img loading=\"lazy\" decoding=\"async\" class=\"alignnone wp-image-812\" src=\"https:\/\/www.pcc.edu\/library\/wp-content\/uploads\/GreenCheck.png\" alt=\"Green Check Mark\" width=\"29\" height=\"29\" \/><\/td>\n<td style=\"height: 152px;\"><img loading=\"lazy\" decoding=\"async\" class=\"alignnone wp-image-812\" src=\"https:\/\/www.pcc.edu\/library\/wp-content\/uploads\/GreenCheck.png\" alt=\"Green Check Mark\" width=\"29\" height=\"29\" \/><\/td>\n<td style=\"height: 152px;\"><\/td>\n<td style=\"height: 152px;\"><\/td>\n<td style=\"height: 152px;\"><\/td>\n<\/tr>\n<tr style=\"height: 128px;\">\n<td style=\"height: 128px;\"><a href=\"https:\/\/www.pcc.edu\/library\/interlibrary-loan-faq\/\">S\u1ea3n ph\u1ea9m c\u1ee7a Interlibrary Loan\u00a0<\/a><\/td>\n<td style=\"height: 128px;\"><img loading=\"lazy\" decoding=\"async\" class=\"alignnone wp-image-812\" src=\"https:\/\/www.pcc.edu\/library\/wp-content\/uploads\/GreenCheck.png\" alt=\"Green Check Mark\" width=\"29\" height=\"29\" \/><\/td>\n<td style=\"height: 128px;\"><img loading=\"lazy\" decoding=\"async\" class=\"alignnone wp-image-812\" src=\"https:\/\/www.pcc.edu\/library\/wp-content\/uploads\/GreenCheck.png\" alt=\"Green Check Mark\" width=\"29\" height=\"29\" \/><\/td>\n<td style=\"height: 128px;\"><img loading=\"lazy\" decoding=\"async\" class=\"alignnone wp-image-812\" src=\"https:\/\/www.pcc.edu\/library\/wp-content\/uploads\/GreenCheck.png\" alt=\"Green Check Mark\" width=\"29\" height=\"29\" \/><\/td>\n<td style=\"height: 128px;\"><\/td>\n<td style=\"height: 128px;\"><img loading=\"lazy\" decoding=\"async\" class=\"alignnone wp-image-812\" src=\"https:\/\/www.pcc.edu\/library\/wp-content\/uploads\/GreenCheck.png\" alt=\"Green Check Mark\" width=\"29\" height=\"29\" \/><\/td>\n<td style=\"height: 128px;\"><\/td>\n<\/tr>\n<tr style=\"height: 80px;\">\n<td style=\"height: 80px;\"><a href=\"https:\/\/www.pcc.edu\/library\/summit\/\">S\u1ea3n ph\u1ea9m c\u1ee7a Summit<\/a><\/td>\n<td style=\"height: 80px;\"><img loading=\"lazy\" decoding=\"async\" class=\"alignnone wp-image-812\" src=\"https:\/\/www.pcc.edu\/library\/wp-content\/uploads\/GreenCheck.png\" alt=\"Green Check Mark\" width=\"29\" height=\"29\" \/><\/td>\n<td style=\"height: 80px;\"><img loading=\"lazy\" decoding=\"async\" class=\"alignnone wp-image-812\" src=\"https:\/\/www.pcc.edu\/library\/wp-content\/uploads\/GreenCheck.png\" alt=\"Green Check Mark\" width=\"29\" height=\"29\" \/><\/td>\n<td style=\"height: 80px;\"><img loading=\"lazy\" decoding=\"async\" class=\"alignnone wp-image-812\" src=\"https:\/\/www.pcc.edu\/library\/wp-content\/uploads\/GreenCheck.png\" alt=\"Green Check Mark\" width=\"29\" height=\"29\" \/><\/td>\n<td style=\"height: 80px;\"><\/td>\n<td style=\"height: 80px;\"><img loading=\"lazy\" decoding=\"async\" class=\"alignnone wp-image-812\" src=\"https:\/\/www.pcc.edu\/library\/wp-content\/uploads\/GreenCheck.png\" alt=\"Green Check Mark\" width=\"29\" height=\"29\" \/><\/td>\n<td style=\"height: 80px;\"><\/td>\n<\/tr>\n<\/tbody>\n<\/table>\n<p>* H\u1ecdc sinh Kh\u00f4ng T\u00edn ch\u1ec9 \u0111ang theo h\u1ecdc c\u00e1c l\u1edbp ESOL v\u00e0 ABE \/ GED v\u00e0 H\u1ecdc sinh Kh\u00f4ng T\u00edn ch\u1ec9 \u0111ang h\u1ecdc c\u00e1c l\u1edbp Gi\u00e1o d\u1ee5c C\u1ed9ng \u0111\u1ed3ng v\u00e0 Gi\u00e1o d\u1ee5c Th\u01b0\u1eddng xuy\u00ean.<\/p>\n<p><b>M\u01b0\u1ee3n S\u1ea3n Ph\u1ea9m<\/b><\/p>\n<ul>\n<li aria-level=\"1\"><a href=\"https:\/\/www.pcc.edu\/library\/course-reserves-for-students\/\">L\u1ea5y s\u00e1ch gi\u00e1o khoa<\/a><\/li>\n<li aria-level=\"1\"><a href=\"https:\/\/www.pcc.edu\/library\/ebooks\/\">L\u1ea5y s\u00e1ch \u0111i\u1ec7n t\u1eed<\/a><\/li>\n<li aria-level=\"1\"><a href=\"https:\/\/www.pcc.edu\/library\/requesting-library-materials\/\">Y\u00eau c\u1ea7u t\u00e0i li\u1ec7u th\u01b0 vi\u1ec7n<\/a><\/li>\n<li aria-level=\"1\"><a href=\"https:\/\/www.pcc.edu\/library\/summit\/\">L\u1ea5y t\u1eeb ngu\u1ed3n d\u1eef li\u1ec7u th\u01b0 vi\u1ec7n c\u1ee7a Summit\u00a0<\/a><\/li>\n<li aria-level=\"1\"><a href=\"https:\/\/www.pcc.edu\/library\/interlibrary-loan-faq\/\">L\u1ea5y t\u1eeb ngu\u1ed3n d\u1eef li\u1ec7u th\u01b0 vi\u1ec7n c\u1ee7a Interlibrary Loan<\/a><\/li>\n<\/ul>\n<p><b>Qu\u1ea3n l\u00fd t\u00e0i kho\u1ea3n<\/b><\/p>\n<ul>\n<li aria-level=\"1\"><a href=\"https:\/\/www.pcc.edu\/library\/renew-an-item\/\">Gia h\u1ea1n t\u00e0i li\u1ec7u\u00a0<\/a><\/li>\n<li aria-level=\"1\"><a href=\"https:\/\/www.pcc.edu\/library\/returning-items\/\">Tr\u0309\u1ea3 t\u00e0i li\u1ec7u<\/a><\/li>\n<li aria-level=\"1\"><a href=\"https:\/\/secure.touchnet.net\/C21249_ustores\/web\/classic\/store_main.jsp?STOREID=24&amp;SINGLESTORE=true\">N\u1ed9p ti\u1ec1n ph\u1ea1t qua m\u1ea1ng Internet<\/a><\/li>\n<li aria-level=\"1\"><a href=\"https:\/\/www.pcc.edu\/library\/help-in-your-language\/help-in-vietnamese\/quy-di%cc%a3nh-ve-thoi-gian-muo%cc%a3n-va-pha%cc%a3t\/\">Quy \u0111\u1ecbnh v\u1ec1 th\u1eddi gian m\u01b0\u1ee3n v\u00e0 ph\u1ea1t<\/a><\/li>\n<\/ul>\n<p><b>Thi\u1ebft b\u1ecb \u0111i\u1ec7n t\u1eed di \u0111\u1ed9ng<\/b><\/p>\n<ul>\n<li aria-level=\"1\"><a href=\"https:\/\/www.pcc.edu\/library\/equipment-for-checkout\/\">Thi\u1ebft b\u1ecb \u0111i\u1ec7n t\u1eed di \u0111\u1ed9ng<\/a><\/li>\n<li aria-level=\"1\"><a href=\"https:\/\/www.pcc.edu\/disability-services\/students\/accommodations\/adaptive-equipment\/\">Thi\u1ebft b\u1ecb \u0111i\u1ec7n t\u1eed di \u0111\u1ed9ng h\u1ed7 tr\u1ee3 ng\u01b0\u1eddi khuy\u1ebft t\u1eadt<\/a><\/li>\n<\/ul>\n<p>&nbsp;<\/p>\n","protected":false},"excerpt":{"rendered":"<p>Access information about how to use PCC library in Vietnamese.<\/p>\n","protected":false},"author":79,"featured_media":0,"parent":15765,"menu_order":0,"comment_status":"closed","ping_status":"closed","template":"","meta":{"_acf_changed":false,"footnotes":""},"class_list":["post-15688","page","type-page","status-publish","hentry","translations-vietnamese"],"acf":[],"_links":{"self":[{"href":"https:\/\/www.pcc.edu\/library\/wp-json\/wp\/v2\/pages\/15688","targetHints":{"allow":["GET"]}}],"collection":[{"href":"https:\/\/www.pcc.edu\/library\/wp-json\/wp\/v2\/pages"}],"about":[{"href":"https:\/\/www.pcc.edu\/library\/wp-json\/wp\/v2\/types\/page"}],"author":[{"embeddable":true,"href":"https:\/\/www.pcc.edu\/library\/wp-json\/wp\/v2\/users\/79"}],"replies":[{"embeddable":true,"href":"https:\/\/www.pcc.edu\/library\/wp-json\/wp\/v2\/comments?post=15688"}],"version-history":[{"count":10,"href":"https:\/\/www.pcc.edu\/library\/wp-json\/wp\/v2\/pages\/15688\/revisions"}],"predecessor-version":[{"id":34139,"href":"https:\/\/www.pcc.edu\/library\/wp-json\/wp\/v2\/pages\/15688\/revisions\/34139"}],"up":[{"embeddable":true,"href":"https:\/\/www.pcc.edu\/library\/wp-json\/wp\/v2\/pages\/15765"}],"wp:attachment":[{"href":"https:\/\/www.pcc.edu\/library\/wp-json\/wp\/v2\/media?parent=15688"}],"curies":[{"name":"wp","href":"https:\/\/api.w.org\/{rel}","templated":true}]}}