{"id":15652,"date":"2019-10-07T14:16:02","date_gmt":"2019-10-07T21:16:02","guid":{"rendered":"https:\/\/www.pcc.edu\/library\/?page_id=15652"},"modified":"2024-04-19T14:30:53","modified_gmt":"2024-04-19T21:30:53","slug":"periodos-de-prestamo-y-multas","status":"publish","type":"page","link":"https:\/\/www.pcc.edu\/library\/help-in-your-language\/help-in-spanish\/periodos-de-prestamo-y-multas\/","title":{"rendered":"Periodos de pr\u00e9stamo y multas (Loan Periods and Fines)"},"content":{"rendered":"<p>Los per\u00edodos de pr\u00e9stamo y las multas se basan en el tipo de art\u00edculo prestado. Vea <a href=\"https:\/\/www.pcc.edu\/library\/help-in-your-language\/multas\/\">Multas bibliotecarias<\/a> para saber c\u00f3mo pagar sus multas, <a href=\"https:\/\/www.pcc.edu\/library\/help-in-your-language\/donacion-de-articulos-para-reducir-multas\/\">donar art\u00edculos para reducir multas<\/a> o <a href=\"https:\/\/www.pcc.edu\/library\/library-account-questions\/\">apelar cargos bibliotecarios<\/a>.<\/p>\n<table>\n<thead>\n<tr>\n<th><b>Art\u00edculo<\/b><\/th>\n<th><b>Periodo de pr\u00e9stamo<\/b><\/th>\n<th><b>L\u00edmite<\/b><\/th>\n<th><b>Renovac\u00f3n<\/b><\/th>\n<th><b>Multa<\/b><\/th>\n<\/tr>\n<\/thead>\n<tbody>\n<tr>\n<td>Juegos de mesa<\/td>\n<td>6 semanas<\/td>\n<td>Ninguna<\/td>\n<td>1 renovaci\u00f3n<\/td>\n<td>Ninguna<\/td>\n<\/tr>\n<tr>\n<td>Libros, audio-libros, revistas, CDs, DVD, videos<\/td>\n<td>6 semanas<\/td>\n<td>50 art\u00edculos<\/td>\n<td>Renovaciones ilimitadas hasta 12 semanas<\/td>\n<td>Ninguna<\/td>\n<\/tr>\n<tr>\n<td>Calculadora (b\u00e1sica)<\/td>\n<td>3 semanas<\/td>\n<td>1 art\u00edculo<\/td>\n<td>No se puede renovar<\/td>\n<td>$.25 por d\u00eda<\/td>\n<\/tr>\n<tr>\n<td>Calculadora (gr\u00e1fica)<\/td>\n<td>3 semanas<\/td>\n<td>1 art\u00edculo<\/td>\n<td>No se puede renovar<\/td>\n<td>$2 por d\u00eda<\/td>\n<\/tr>\n<tr>\n<td>Accesorios de c\u00e1mara<\/td>\n<td>3 semanas<\/td>\n<td>Ninguna<\/td>\n<td>Sin renovaciones<\/td>\n<td>$2 por d\u00eda<\/td>\n<\/tr>\n<tr>\n<td>C\u00e1maras digitales<\/td>\n<td>1 semana<\/td>\n<td>1 art\u00edculo<\/td>\n<td>No se puede renovar<\/td>\n<td>$10 por d\u00eda<\/td>\n<\/tr>\n<tr>\n<td>C\u00e1mara de video digital<\/td>\n<td>3 semanas<\/td>\n<td>1 art\u00edculo<\/td>\n<td>No se puede renovar<\/td>\n<td>$10 por d\u00eda<\/td>\n<\/tr>\n<tr>\n<td>Grabadora digital<\/td>\n<td>3 semanas<\/td>\n<td>1 art\u00edculo<\/td>\n<td>No se puede renovar<\/td>\n<td>$10 por d\u00eda<\/td>\n<\/tr>\n<tr>\n<td>Aud\u00edfonos<\/td>\n<td>3 semanas<\/td>\n<td>1 art\u00edculo<\/td>\n<td>No se puede renovar<\/td>\n<td>$.25 por d\u00eda<\/td>\n<\/tr>\n<tr>\n<td>Unidad de disco externa<\/td>\n<td>3 semanas<\/td>\n<td>1 articulo<\/td>\n<td>Sin renovaciones<\/td>\n<td>$2 por d\u00eda<\/td>\n<\/tr>\n<tr>\n<td>Computadora port\u00e1til<\/td>\n<td>3 semanas<\/td>\n<td>1 art\u00edculo<\/td>\n<td>No se puede renovar<\/td>\n<td>$10 por d\u00eda<\/td>\n<\/tr>\n<tr>\n<td>Multi USB charging cable<\/td>\n<td>4 hours<\/td>\n<td>None<\/td>\n<td>No renewal<\/td>\n<td>$.25 por hora<\/td>\n<\/tr>\n<tr>\n<td>Proyectores<\/td>\n<td>3 semanas<\/td>\n<td>1 art\u00edculo<\/td>\n<td>No se puede renovar<\/td>\n<td>$10 por d\u00eda<\/td>\n<\/tr>\n<tr>\n<td>Reservas<\/td>\n<td>Var\u00eda por art\u00edculo<\/td>\n<td>Ninguno<\/td>\n<td>No se puede renovar<\/td>\n<td>$.25 por hora<\/td>\n<\/tr>\n<tr>\n<td>C\u00e1mara web<\/td>\n<td>3 semanas<\/td>\n<td>1 articulo<\/td>\n<td>Sin renovaciones<\/td>\n<td>$2 por d\u00eda<\/td>\n<\/tr>\n<tr>\n<td>Punto de acceso wifi<\/td>\n<td>1 t\u00e9rmino<\/td>\n<td>1 articulo<\/td>\n<td>Sin renovaciones<\/td>\n<td>$10 por d\u00eda<\/td>\n<\/tr>\n<tr>\n<td>Art\u00edculos Summit<\/td>\n<td>12 semanas<\/td>\n<td>50 art\u00edculos<\/td>\n<td>1 renovaci\u00f3n<\/td>\n<td>Materiales perdidos o da\u00f1ados: tarifa de reemplazo de $90.<\/td>\n<\/tr>\n<tr>\n<td>Art\u00edculos Interbibliotecarios<\/td>\n<td>16 semanas<\/td>\n<td>50 art\u00edculos<\/td>\n<td>sin renovaci\u00f3n<\/td>\n<td>Materiales perdidos o da\u00f1ados: tarifa de reemplazo de $90<\/td>\n<\/tr>\n<\/tbody>\n<\/table>\n","protected":false},"excerpt":{"rendered":"<p>Access information about how to use PCC library in Spanish.<\/p>\n","protected":false},"author":79,"featured_media":14752,"parent":16024,"menu_order":0,"comment_status":"closed","ping_status":"closed","template":"","meta":{"_acf_changed":false,"footnotes":""},"class_list":["post-15652","page","type-page","status-publish","has-post-thumbnail","hentry","translations-spanish"],"acf":[],"_links":{"self":[{"href":"https:\/\/www.pcc.edu\/library\/wp-json\/wp\/v2\/pages\/15652","targetHints":{"allow":["GET"]}}],"collection":[{"href":"https:\/\/www.pcc.edu\/library\/wp-json\/wp\/v2\/pages"}],"about":[{"href":"https:\/\/www.pcc.edu\/library\/wp-json\/wp\/v2\/types\/page"}],"author":[{"embeddable":true,"href":"https:\/\/www.pcc.edu\/library\/wp-json\/wp\/v2\/users\/79"}],"replies":[{"embeddable":true,"href":"https:\/\/www.pcc.edu\/library\/wp-json\/wp\/v2\/comments?post=15652"}],"version-history":[{"count":10,"href":"https:\/\/www.pcc.edu\/library\/wp-json\/wp\/v2\/pages\/15652\/revisions"}],"predecessor-version":[{"id":34134,"href":"https:\/\/www.pcc.edu\/library\/wp-json\/wp\/v2\/pages\/15652\/revisions\/34134"}],"up":[{"embeddable":true,"href":"https:\/\/www.pcc.edu\/library\/wp-json\/wp\/v2\/pages\/16024"}],"wp:featuredmedia":[{"embeddable":true,"href":"https:\/\/www.pcc.edu\/library\/wp-json\/wp\/v2\/media\/14752"}],"wp:attachment":[{"href":"https:\/\/www.pcc.edu\/library\/wp-json\/wp\/v2\/media?parent=15652"}],"curies":[{"name":"wp","href":"https:\/\/api.w.org\/{rel}","templated":true}]}}